{"id":1706,"date":"2023-04-02T23:38:47","date_gmt":"2023-04-02T23:38:47","guid":{"rendered":"https:\/\/spaceresearch.cvut.cz\/?page_id=1706"},"modified":"2025-05-02T20:37:14","modified_gmt":"2025-05-02T18:37:14","slug":"projekty","status":"publish","type":"page","link":"https:\/\/spaceresearch.cvut.cz\/en\/projekty\/","title":{"rendered":"Projects"},"content":{"rendered":"<div data-elementor-type=\"wp-post\" data-elementor-id=\"1706\" class=\"elementor elementor-1706\" data-elementor-post-type=\"page\">\n\t\t\t\t\t\t<section class=\"elementor-section elementor-top-section elementor-element elementor-element-2f55a098 elementor-section-boxed elementor-section-height-default elementor-section-height-default\" data-id=\"2f55a098\" data-element_type=\"section\" data-e-type=\"section\">\n\t\t\t\t\t\t<div class=\"elementor-container elementor-column-gap-default\">\n\t\t\t\t\t<div class=\"elementor-column elementor-col-100 elementor-top-column elementor-element elementor-element-5f95bae3\" data-id=\"5f95bae3\" data-element_type=\"column\" data-e-type=\"column\">\n\t\t\t<div class=\"elementor-widget-wrap elementor-element-populated\">\n\t\t\t\t\t\t<div class=\"elementor-element elementor-element-3257a3dd elementor-widget elementor-widget-text-editor\" data-id=\"3257a3dd\" data-element_type=\"widget\" data-e-type=\"widget\" data-widget_type=\"text-editor.default\">\n\t\t\t\t<div class=\"elementor-widget-container\">\n\t\t\t\t\t\t\t\t\t<p><\/p>\n<h2 class=\"wp-block-heading\">\u00a0<\/h2>\n<p><\/p>\n<h1>ANDROMEDA<\/h1>\n<p>Nov\u011b vyv\u00edjen\u00e1 raketa pro sout\u011b\u017e EuRoC v Portugalsku.<\/p>\n<p>Nov\u00fd n\u00e1vrh je zalo\u017een na Illustrii.<\/p>\n<p>Poh\u00e1n\u011bna nov\u00fdm hybridn\u00edm raketov\u00fdm motorem Perseus.<\/p>\n<p>Target apogee: 3 km<\/p>\n<p><a role=\"button\">\u00a0<\/a><\/p>\n<h1>ILLUSTRIA<\/h1>\n<p>High-power rocket developed for EuRoC in Portugal.<\/p>\n<p>Poh\u00e1n\u011bna na\u0161\u00edm hybridn\u00edm raketov\u00fdm motorem Phoenix.<\/p>\n<p>Target apogee: 3 km<\/p>\n<p>2 starty v \u010cesk\u00e9 republice<\/p>\n<p>\u00a0<\/p>\n<p><a href=\"https:\/\/spaceresearch.cvut.cz\/en\/predstavili-jsme-nejvetsi-studentskou-raketu-v-cesku\/\" target=\"_blank\" rel=\"noopener\">Press Release\u00a0\u00a0<\/a><\/p>\n<p><img fetchpriority=\"high\" decoding=\"async\" src=\"https:\/\/spaceresearch.cvut.cz\/wp-content\/uploads\/2024\/05\/PXL_20231015_113713651-1024x768.jpg\" sizes=\"(max-width: 800px) 100vw, 800px\" srcset=\"https:\/\/spaceresearch.cvut.cz\/wp-content\/uploads\/2024\/05\/PXL_20231015_113713651-1024x768.jpg 1024w, https:\/\/spaceresearch.cvut.cz\/wp-content\/uploads\/2024\/05\/PXL_20231015_113713651-300x225.jpg 300w, https:\/\/spaceresearch.cvut.cz\/wp-content\/uploads\/2024\/05\/PXL_20231015_113713651-768x576.jpg 768w, https:\/\/spaceresearch.cvut.cz\/wp-content\/uploads\/2024\/05\/PXL_20231015_113713651-1536x1152.jpg 1536w, https:\/\/spaceresearch.cvut.cz\/wp-content\/uploads\/2024\/05\/PXL_20231015_113713651-2048x1536.jpg 2048w, https:\/\/spaceresearch.cvut.cz\/wp-content\/uploads\/2024\/05\/PXL_20231015_113713651-16x12.jpg 16w\" alt=\"\" width=\"800\" height=\"600\" \/><\/p>\n<h1>EUROPEAN ROCKETRY CHALLENGE<\/h1>\n<p>The main mission for our Illustria rocket<\/p>\n<p>\u00a0 \u00a0Participation at EuRoC 2022<\/p>\n<p>\u00a0 \u00a03rd place in H3 category (2023)<\/p>\n<p><iframe title=\"First liftoff! \ud83d\ude80\" width=\"800\" height=\"450\" src=\"https:\/\/www.youtube.com\/embed\/KdZTWvOS4rA?feature=oembed\" frameborder=\"0\" allow=\"accelerometer; autoplay; clipboard-write; encrypted-media; gyroscope; picture-in-picture; web-share\" referrerpolicy=\"strict-origin-when-cross-origin\" allowfullscreen><\/iframe><\/p>\n<h1>CZECH ROCKET CHALLENGE<\/h1>\n<p>Every year we participate in the local rocket competition.<\/p>\n<p>Awards:<\/p>\n<p>\u00a0 \u00a0?2nd place (2021)<\/p>\n<p>\u00a0 \u00a0?3rd place in University category (2022)<\/p>\n<p>\u00a0 \u00a0?Best Technical Report (2023)<\/p>\n<p>\u00a0 \u00a0?1st place for our second participating team (2023)<\/p>\n<p>\u00a0 \u00a01st place was won by a team of our members in the V\u0160 cateogory (2024)<\/p>\n<h1>VANGUARD<\/h1>\n<p>Our family of test rockets for new technologies such as active flight control and new communication.<\/p>\n<p>Powered by the Kerberos solid rocket motor.<\/p>\n<p>Target apogee: 1 km.<\/p>\n<p>The rocket\u2019s structure combines wound and laminated composite materials with 3D-printed parts.<\/p>\n<p><img decoding=\"async\" src=\"https:\/\/spaceresearch.cvut.cz\/wp-content\/uploads\/2024\/04\/MicrosoftTeams-image-1-1024x724.png\" sizes=\"(max-width: 800px) 100vw, 800px\" srcset=\"https:\/\/spaceresearch.cvut.cz\/wp-content\/uploads\/2024\/04\/MicrosoftTeams-image-1-1024x724.png 1024w, https:\/\/spaceresearch.cvut.cz\/wp-content\/uploads\/2024\/04\/MicrosoftTeams-image-1-300x212.png 300w, https:\/\/spaceresearch.cvut.cz\/wp-content\/uploads\/2024\/04\/MicrosoftTeams-image-1-768x543.png 768w, https:\/\/spaceresearch.cvut.cz\/wp-content\/uploads\/2024\/04\/MicrosoftTeams-image-1-1536x1086.png 1536w, https:\/\/spaceresearch.cvut.cz\/wp-content\/uploads\/2024\/04\/MicrosoftTeams-image-1-2048x1448.png 2048w\" alt=\"\" width=\"800\" height=\"566\" \/><\/p>\n<h1>STRATOSAT<\/h1>\n<p>A weather balloon equipped with a camera and advanced avionics.<\/p>\n<p>Altitude reached: 32 600 m<\/p>\n<p>Distance drifted: 150 km<\/p>\n<p>Temperature endured: Less than -55 \u00b0C<\/p>\n<p><img decoding=\"async\" src=\"https:\/\/spaceresearch.cvut.cz\/wp-content\/uploads\/2023\/05\/IMG_20230427_131548-Copy-768x1024.jpg\" sizes=\"(max-width: 768px) 100vw, 768px\" srcset=\"https:\/\/spaceresearch.cvut.cz\/wp-content\/uploads\/2023\/05\/IMG_20230427_131548-Copy-768x1024.jpg 768w, https:\/\/spaceresearch.cvut.cz\/wp-content\/uploads\/2023\/05\/IMG_20230427_131548-Copy-225x300.jpg 225w, https:\/\/spaceresearch.cvut.cz\/wp-content\/uploads\/2023\/05\/IMG_20230427_131548-Copy-1152x1536.jpg 1152w, https:\/\/spaceresearch.cvut.cz\/wp-content\/uploads\/2023\/05\/IMG_20230427_131548-Copy-1536x2048.jpg 1536w, https:\/\/spaceresearch.cvut.cz\/wp-content\/uploads\/2023\/05\/IMG_20230427_131548-Copy-scaled.jpg 1920w\" alt=\"\" width=\"768\" height=\"1024\" \/><\/p>\n<h1>CIMRMAN<\/h1>\n<p>Main flight computer for our rockets.<\/p>\n<p>Currently, we are developing 4th generation of Cimrman.<\/p>\n<p>The Cimrman is very universal. It can be used in any type of rocket, even in small rockets, and with an extender it is compatible with high-power rockets like Illustria. The extender expands the number of connectors and their types.<\/p>\n<p><img loading=\"lazy\" decoding=\"async\" src=\"https:\/\/spaceresearch.cvut.cz\/wp-content\/uploads\/2023\/09\/CTU-SR_FlyOUT_18-1024x683.jpg\" sizes=\"(max-width: 800px) 100vw, 800px\" srcset=\"https:\/\/spaceresearch.cvut.cz\/wp-content\/uploads\/2023\/09\/CTU-SR_FlyOUT_18-1024x683.jpg 1024w, https:\/\/spaceresearch.cvut.cz\/wp-content\/uploads\/2023\/09\/CTU-SR_FlyOUT_18-300x200.jpg 300w, https:\/\/spaceresearch.cvut.cz\/wp-content\/uploads\/2023\/09\/CTU-SR_FlyOUT_18-768x512.jpg 768w, https:\/\/spaceresearch.cvut.cz\/wp-content\/uploads\/2023\/09\/CTU-SR_FlyOUT_18-1536x1024.jpg 1536w, https:\/\/spaceresearch.cvut.cz\/wp-content\/uploads\/2023\/09\/CTU-SR_FlyOUT_18-2048x1365.jpg 2048w\" alt=\"\" width=\"800\" height=\"534\" \/><\/p>\n<p><\/p>\n<p><\/p>\t\t\t\t\t\t\t\t<\/div>\n\t\t\t\t<\/div>\n\t\t\t\t\t<\/div>\n\t\t<\/div>\n\t\t\t\t\t<\/div>\n\t\t<\/section>\n\t\t\t\t<\/div>","protected":false},"excerpt":{"rendered":"<p>\u00a0 ANDROMEDA Nov\u011b vyv\u00edjen\u00e1 raketa pro sout\u011b\u017e EuRoC v Portugalsku. Nov\u00fd n\u00e1vrh je zalo\u017een na Illustrii. Poh\u00e1n\u011bna nov\u00fdm hybridn\u00edm raketov\u00fdm motorem Perseus. C\u00edlov\u00e9 apogeum: 3 km \u00a0 ILLUSTRIA Raketa vyvinut\u00e1 pro sout\u011b\u017e EuRoC v Portugalsku. Poh\u00e1n\u011bna na\u0161\u00edm hybridn\u00edm raketov\u00fdm motorem Phoenix. C\u00edlov\u00e9 apogeum: 3 km 2 starty v \u010cesk\u00e9 republice \u00a0 Tiskov\u00e1 zpr\u00e1va\u00a0\u00a0 EUROPEAN ROCKETRY [&hellip;]<\/p>","protected":false},"author":3,"featured_media":0,"parent":0,"menu_order":0,"comment_status":"closed","ping_status":"closed","template":"","meta":{"footnotes":""},"class_list":["post-1706","page","type-page","status-publish","hentry"],"yoast_head":"<!-- This site is optimized with the Yoast SEO plugin v25.5 - https:\/\/yoast.com\/wordpress\/plugins\/seo\/ -->\n<title>Projekty - CTU Space Research<\/title>\n<meta name=\"description\" content=\"B\u011bhem na\u0161\u00ed cesty ke hv\u011bzd\u00e1m pracujeme na v\u00edce projektech, kter\u00e9 na sebe navazuj\u00ed. Od raketov\u00fdch motor\u016f, p\u0159es konstrukci a\u017e po samotnou elektroniku.\" \/>\n<meta name=\"robots\" content=\"index, follow, max-snippet:-1, max-image-preview:large, max-video-preview:-1\" \/>\n<link rel=\"canonical\" href=\"https:\/\/spaceresearch.cvut.cz\/en\/projekty\/\" \/>\n<meta property=\"og:locale\" content=\"en_GB\" \/>\n<meta property=\"og:type\" content=\"article\" \/>\n<meta property=\"og:title\" content=\"Projekty - CTU Space Research\" \/>\n<meta property=\"og:description\" content=\"B\u011bhem na\u0161\u00ed cesty ke hv\u011bzd\u00e1m pracujeme na v\u00edce projektech, kter\u00e9 na sebe navazuj\u00ed. Od raketov\u00fdch motor\u016f, p\u0159es konstrukci a\u017e po samotnou elektroniku.\" \/>\n<meta property=\"og:url\" content=\"https:\/\/spaceresearch.cvut.cz\/en\/projekty\/\" \/>\n<meta property=\"og:site_name\" content=\"CTU Space Research\" \/>\n<meta property=\"article:publisher\" content=\"https:\/\/www.facebook.com\/CTUSpaceResearch\/\" \/>\n<meta property=\"article:modified_time\" content=\"2025-05-02T18:37:14+00:00\" \/>\n<meta property=\"og:image\" content=\"https:\/\/spaceresearch.cvut.cz\/wp-content\/uploads\/2024\/05\/PXL_20231015_113713651-1024x768.jpg\" \/>\n<meta name=\"twitter:card\" content=\"summary_large_image\" \/>\n<meta name=\"twitter:label1\" content=\"Estimated reading time\" \/>\n\t<meta name=\"twitter:data1\" content=\"3 minutes\" \/>\n<script type=\"application\/ld+json\" class=\"yoast-schema-graph\">{\"@context\":\"https:\/\/schema.org\",\"@graph\":[{\"@type\":\"WebPage\",\"@id\":\"https:\/\/spaceresearch.cvut.cz\/projekty\/\",\"url\":\"https:\/\/spaceresearch.cvut.cz\/projekty\/\",\"name\":\"Projekty - CTU Space Research\",\"isPartOf\":{\"@id\":\"https:\/\/spaceresearch.cvut.cz\/#website\"},\"primaryImageOfPage\":{\"@id\":\"https:\/\/spaceresearch.cvut.cz\/projekty\/#primaryimage\"},\"image\":{\"@id\":\"https:\/\/spaceresearch.cvut.cz\/projekty\/#primaryimage\"},\"thumbnailUrl\":\"https:\/\/spaceresearch.cvut.cz\/wp-content\/uploads\/2024\/05\/PXL_20231015_113713651-1024x768.jpg\",\"datePublished\":\"2023-04-02T23:38:47+00:00\",\"dateModified\":\"2025-05-02T18:37:14+00:00\",\"description\":\"B\u011bhem na\u0161\u00ed cesty ke hv\u011bzd\u00e1m pracujeme na v\u00edce projektech, kter\u00e9 na sebe navazuj\u00ed. Od raketov\u00fdch motor\u016f, p\u0159es konstrukci a\u017e po samotnou elektroniku.\",\"breadcrumb\":{\"@id\":\"https:\/\/spaceresearch.cvut.cz\/projekty\/#breadcrumb\"},\"inLanguage\":\"en-GB\",\"potentialAction\":[{\"@type\":\"ReadAction\",\"target\":[\"https:\/\/spaceresearch.cvut.cz\/projekty\/\"]}]},{\"@type\":\"ImageObject\",\"inLanguage\":\"en-GB\",\"@id\":\"https:\/\/spaceresearch.cvut.cz\/projekty\/#primaryimage\",\"url\":\"https:\/\/spaceresearch.cvut.cz\/wp-content\/uploads\/2024\/05\/PXL_20231015_113713651-1024x768.jpg\",\"contentUrl\":\"https:\/\/spaceresearch.cvut.cz\/wp-content\/uploads\/2024\/05\/PXL_20231015_113713651-1024x768.jpg\"},{\"@type\":\"BreadcrumbList\",\"@id\":\"https:\/\/spaceresearch.cvut.cz\/projekty\/#breadcrumb\",\"itemListElement\":[{\"@type\":\"ListItem\",\"position\":1,\"name\":\"Home\",\"item\":\"https:\/\/spaceresearch.cvut.cz\/\"},{\"@type\":\"ListItem\",\"position\":2,\"name\":\"Projekty\"}]},{\"@type\":\"WebSite\",\"@id\":\"https:\/\/spaceresearch.cvut.cz\/#website\",\"url\":\"https:\/\/spaceresearch.cvut.cz\/\",\"name\":\"CTU Space Research\",\"description\":\"Student space team at CTU in Prague\",\"publisher\":{\"@id\":\"https:\/\/spaceresearch.cvut.cz\/#organization\"},\"alternateName\":\"CTU SR\",\"potentialAction\":[{\"@type\":\"SearchAction\",\"target\":{\"@type\":\"EntryPoint\",\"urlTemplate\":\"https:\/\/spaceresearch.cvut.cz\/?s={search_term_string}\"},\"query-input\":{\"@type\":\"PropertyValueSpecification\",\"valueRequired\":true,\"valueName\":\"search_term_string\"}}],\"inLanguage\":\"en-GB\"},{\"@type\":\"Organization\",\"@id\":\"https:\/\/spaceresearch.cvut.cz\/#organization\",\"name\":\"CTU Space Research\",\"alternateName\":\"CTU SR\",\"url\":\"https:\/\/spaceresearch.cvut.cz\/\",\"logo\":{\"@type\":\"ImageObject\",\"inLanguage\":\"en-GB\",\"@id\":\"https:\/\/spaceresearch.cvut.cz\/#\/schema\/logo\/image\/\",\"url\":\"https:\/\/spaceresearch.cvut.cz\/wp-content\/uploads\/2023\/04\/dark_full.png\",\"contentUrl\":\"https:\/\/spaceresearch.cvut.cz\/wp-content\/uploads\/2023\/04\/dark_full.png\",\"width\":1615,\"height\":585,\"caption\":\"CTU Space Research\"},\"image\":{\"@id\":\"https:\/\/spaceresearch.cvut.cz\/#\/schema\/logo\/image\/\"},\"sameAs\":[\"https:\/\/www.facebook.com\/CTUSpaceResearch\/\",\"https:\/\/instagram.com\/ctuspaceresearch\",\"https:\/\/www.linkedin.com\/company\/ctuspaceresearch\",\"https:\/\/www.youtube.com\/channel\/UCHw5cFTaVC33cu_EVH0bBRg\"]}]}<\/script>\n<!-- \/ Yoast SEO plugin. -->","yoast_head_json":{"title":"Projekty - CTU Space Research","description":"B\u011bhem na\u0161\u00ed cesty ke hv\u011bzd\u00e1m pracujeme na v\u00edce projektech, kter\u00e9 na sebe navazuj\u00ed. Od raketov\u00fdch motor\u016f, p\u0159es konstrukci a\u017e po samotnou elektroniku.","robots":{"index":"index","follow":"follow","max-snippet":"max-snippet:-1","max-image-preview":"max-image-preview:large","max-video-preview":"max-video-preview:-1"},"canonical":"https:\/\/spaceresearch.cvut.cz\/en\/projekty\/","og_locale":"en_GB","og_type":"article","og_title":"Projekty - CTU Space Research","og_description":"B\u011bhem na\u0161\u00ed cesty ke hv\u011bzd\u00e1m pracujeme na v\u00edce projektech, kter\u00e9 na sebe navazuj\u00ed. Od raketov\u00fdch motor\u016f, p\u0159es konstrukci a\u017e po samotnou elektroniku.","og_url":"https:\/\/spaceresearch.cvut.cz\/en\/projekty\/","og_site_name":"CTU Space Research","article_publisher":"https:\/\/www.facebook.com\/CTUSpaceResearch\/","article_modified_time":"2025-05-02T18:37:14+00:00","og_image":[{"url":"https:\/\/spaceresearch.cvut.cz\/wp-content\/uploads\/2024\/05\/PXL_20231015_113713651-1024x768.jpg","type":"","width":"","height":""}],"twitter_card":"summary_large_image","twitter_misc":{"Estimated reading time":"3 minutes"},"schema":{"@context":"https:\/\/schema.org","@graph":[{"@type":"WebPage","@id":"https:\/\/spaceresearch.cvut.cz\/projekty\/","url":"https:\/\/spaceresearch.cvut.cz\/projekty\/","name":"Projekty - CTU Space Research","isPartOf":{"@id":"https:\/\/spaceresearch.cvut.cz\/#website"},"primaryImageOfPage":{"@id":"https:\/\/spaceresearch.cvut.cz\/projekty\/#primaryimage"},"image":{"@id":"https:\/\/spaceresearch.cvut.cz\/projekty\/#primaryimage"},"thumbnailUrl":"https:\/\/spaceresearch.cvut.cz\/wp-content\/uploads\/2024\/05\/PXL_20231015_113713651-1024x768.jpg","datePublished":"2023-04-02T23:38:47+00:00","dateModified":"2025-05-02T18:37:14+00:00","description":"B\u011bhem na\u0161\u00ed cesty ke hv\u011bzd\u00e1m pracujeme na v\u00edce projektech, kter\u00e9 na sebe navazuj\u00ed. Od raketov\u00fdch motor\u016f, p\u0159es konstrukci a\u017e po samotnou elektroniku.","breadcrumb":{"@id":"https:\/\/spaceresearch.cvut.cz\/projekty\/#breadcrumb"},"inLanguage":"en-GB","potentialAction":[{"@type":"ReadAction","target":["https:\/\/spaceresearch.cvut.cz\/projekty\/"]}]},{"@type":"ImageObject","inLanguage":"en-GB","@id":"https:\/\/spaceresearch.cvut.cz\/projekty\/#primaryimage","url":"https:\/\/spaceresearch.cvut.cz\/wp-content\/uploads\/2024\/05\/PXL_20231015_113713651-1024x768.jpg","contentUrl":"https:\/\/spaceresearch.cvut.cz\/wp-content\/uploads\/2024\/05\/PXL_20231015_113713651-1024x768.jpg"},{"@type":"BreadcrumbList","@id":"https:\/\/spaceresearch.cvut.cz\/projekty\/#breadcrumb","itemListElement":[{"@type":"ListItem","position":1,"name":"Home","item":"https:\/\/spaceresearch.cvut.cz\/"},{"@type":"ListItem","position":2,"name":"Projekty"}]},{"@type":"WebSite","@id":"https:\/\/spaceresearch.cvut.cz\/#website","url":"https:\/\/spaceresearch.cvut.cz\/","name":"CTU Space Research","description":"Student space team at CTU in Prague","publisher":{"@id":"https:\/\/spaceresearch.cvut.cz\/#organization"},"alternateName":"CTU SR","potentialAction":[{"@type":"SearchAction","target":{"@type":"EntryPoint","urlTemplate":"https:\/\/spaceresearch.cvut.cz\/?s={search_term_string}"},"query-input":{"@type":"PropertyValueSpecification","valueRequired":true,"valueName":"search_term_string"}}],"inLanguage":"en-GB"},{"@type":"Organization","@id":"https:\/\/spaceresearch.cvut.cz\/#organization","name":"CTU Space Research","alternateName":"CTU SR","url":"https:\/\/spaceresearch.cvut.cz\/","logo":{"@type":"ImageObject","inLanguage":"en-GB","@id":"https:\/\/spaceresearch.cvut.cz\/#\/schema\/logo\/image\/","url":"https:\/\/spaceresearch.cvut.cz\/wp-content\/uploads\/2023\/04\/dark_full.png","contentUrl":"https:\/\/spaceresearch.cvut.cz\/wp-content\/uploads\/2023\/04\/dark_full.png","width":1615,"height":585,"caption":"CTU Space Research"},"image":{"@id":"https:\/\/spaceresearch.cvut.cz\/#\/schema\/logo\/image\/"},"sameAs":["https:\/\/www.facebook.com\/CTUSpaceResearch\/","https:\/\/instagram.com\/ctuspaceresearch","https:\/\/www.linkedin.com\/company\/ctuspaceresearch","https:\/\/www.youtube.com\/channel\/UCHw5cFTaVC33cu_EVH0bBRg"]}]}},"_links":{"self":[{"href":"https:\/\/spaceresearch.cvut.cz\/en\/wp-json\/wp\/v2\/pages\/1706","targetHints":{"allow":["GET"]}}],"collection":[{"href":"https:\/\/spaceresearch.cvut.cz\/en\/wp-json\/wp\/v2\/pages"}],"about":[{"href":"https:\/\/spaceresearch.cvut.cz\/en\/wp-json\/wp\/v2\/types\/page"}],"author":[{"embeddable":true,"href":"https:\/\/spaceresearch.cvut.cz\/en\/wp-json\/wp\/v2\/users\/3"}],"replies":[{"embeddable":true,"href":"https:\/\/spaceresearch.cvut.cz\/en\/wp-json\/wp\/v2\/comments?post=1706"}],"version-history":[{"count":0,"href":"https:\/\/spaceresearch.cvut.cz\/en\/wp-json\/wp\/v2\/pages\/1706\/revisions"}],"wp:attachment":[{"href":"https:\/\/spaceresearch.cvut.cz\/en\/wp-json\/wp\/v2\/media?parent=1706"}],"curies":[{"name":"wp","href":"https:\/\/api.w.org\/{rel}","templated":true}]}}