{"id":1712,"date":"2023-04-02T23:39:59","date_gmt":"2023-04-02T23:39:59","guid":{"rendered":"https:\/\/spaceresearch.cvut.cz\/?page_id=1712"},"modified":"2026-01-26T15:35:34","modified_gmt":"2026-01-26T14:35:34","slug":"kontakt","status":"publish","type":"page","link":"https:\/\/spaceresearch.cvut.cz\/en\/kontakt\/","title":{"rendered":"Contact"},"content":{"rendered":"<div data-elementor-type=\"wp-post\" data-elementor-id=\"1712\" class=\"elementor elementor-1712\" data-elementor-post-type=\"page\">\n\t\t\t\t\t\t<section class=\"elementor-section elementor-top-section elementor-element elementor-element-54f31e1 elementor-section-boxed elementor-section-height-default elementor-section-height-default\" data-id=\"54f31e1\" data-element_type=\"section\" data-e-type=\"section\">\n\t\t\t\t\t\t<div class=\"elementor-container elementor-column-gap-default\">\n\t\t\t\t\t<div class=\"elementor-column elementor-col-100 elementor-top-column elementor-element elementor-element-61da0c8\" data-id=\"61da0c8\" data-element_type=\"column\" data-e-type=\"column\">\n\t\t\t<div class=\"elementor-widget-wrap elementor-element-populated\">\n\t\t\t\t\t\t<section class=\"elementor-section elementor-inner-section elementor-element elementor-element-2475525 elementor-section-boxed elementor-section-height-default elementor-section-height-default\" data-id=\"2475525\" data-element_type=\"section\" data-e-type=\"section\">\n\t\t\t\t\t\t<div class=\"elementor-container elementor-column-gap-wider\">\n\t\t\t\t\t<div class=\"elementor-column elementor-col-50 elementor-inner-column elementor-element elementor-element-6443ba3\" data-id=\"6443ba3\" data-element_type=\"column\" data-e-type=\"column\">\n\t\t\t<div class=\"elementor-widget-wrap elementor-element-populated\">\n\t\t\t\t\t\t<div class=\"elementor-element elementor-element-6bacf01 elementor-widget elementor-widget-heading\" data-id=\"6bacf01\" data-element_type=\"widget\" data-e-type=\"widget\" data-widget_type=\"heading.default\">\n\t\t\t\t<div class=\"elementor-widget-container\">\n\t\t\t\t\t<h1 class=\"elementor-heading-title elementor-size-default\">CONTACT<\/h1>\t\t\t\t<\/div>\n\t\t\t\t<\/div>\n\t\t\t\t<div class=\"elementor-element elementor-element-68900e5 elementor-widget elementor-widget-text-editor\" data-id=\"68900e5\" data-element_type=\"widget\" data-e-type=\"widget\" data-widget_type=\"text-editor.default\">\n\t\t\t\t<div class=\"elementor-widget-container\">\n\t\t\t\t\t\t\t\t\t<p><b>Ond\u0159ej Winkler<\/b><br>Team Lead<br>lead@spaceresearch.cvut.cz<\/p>\n<p><span style=\"font-weight: bolder;\">Michal Mart\u00ednek<\/span><br>Team Secretary&nbsp;<br>secretary@spaceresearch.cvut.cz<\/p>\n<p>Collaborations, media, and PR: <br>pr@spaceresearch.cvut.cz<\/p>\n<p class=\"translation-block\"><strong>prof. Ing. Michael Val\u00e1\u0161ek, DrSc.<\/strong> <br>Faculty Coordinator<br>michael.valasek@fs.cvut.cz<br><\/p>\n<p><strong>Address:<\/strong><\/p>\n<p>CTU Space Research<br>Czech Technical University in Prague<br>Faculty of Mechanical Engineering<br>Technick\u00e1 4<br>160 00&nbsp; Praha 6<br>Czech Republic<\/p>\n<p><strong>Invoice details:<\/strong><\/p>\n<p class=\"translation-block\">\u010cesk\u00e9 vysok\u00e9 u\u010den\u00ed technick\u00e9 v Praze, Fakulta strojn\u00ed<br>Technick\u00e1 4<br>160 00\u00a0 Praha 6<br>ID: 68407700<br>VAT ID: CZ68407700<\/p>\t\t\t\t\t\t\t\t<\/div>\n\t\t\t\t<\/div>\n\t\t\t\t\t<\/div>\n\t\t<\/div>\n\t\t\t\t<div class=\"elementor-column elementor-col-50 elementor-inner-column elementor-element elementor-element-688c0d1\" data-id=\"688c0d1\" data-element_type=\"column\" data-e-type=\"column\">\n\t\t\t<div class=\"elementor-widget-wrap elementor-element-populated\">\n\t\t\t\t\t\t<div class=\"elementor-element elementor-element-8b45601 elementor-widget elementor-widget-google_maps\" data-id=\"8b45601\" data-element_type=\"widget\" data-e-type=\"widget\" data-widget_type=\"google_maps.default\">\n\t\t\t\t<div class=\"elementor-widget-container\">\n\t\t\t\t\t\t\t<div class=\"elementor-custom-embed\">\n\t\t\t<iframe loading=\"lazy\"\n\t\t\t\t\tsrc=\"https:\/\/maps.google.com\/maps?q=CTU%20Space%20Research&#038;t=m&#038;z=14&#038;output=embed&#038;iwloc=near\"\n\t\t\t\t\ttitle=\"CTU Space Research\"\n\t\t\t\t\taria-label=\"CTU Space Research\"\n\t\t\t><\/iframe>\n\t\t<\/div>\n\t\t\t\t\t\t<\/div>\n\t\t\t\t<\/div>\n\t\t\t\t\t<\/div>\n\t\t<\/div>\n\t\t\t\t\t<\/div>\n\t\t<\/section>\n\t\t\t\t<div class=\"elementor-element elementor-element-616d14c elementor-button-align-center elementor-widget elementor-widget-form\" data-id=\"616d14c\" data-element_type=\"widget\" data-e-type=\"widget\" data-settings=\"{&quot;step_next_label&quot;:&quot;Next&quot;,&quot;step_previous_label&quot;:&quot;Previous&quot;,&quot;button_width&quot;:&quot;100&quot;,&quot;step_type&quot;:&quot;number_text&quot;,&quot;step_icon_shape&quot;:&quot;circle&quot;}\" data-widget_type=\"form.default\">\n\t\t\t\t<div class=\"elementor-widget-container\">\n\t\t\t\t\t\t\t<form class=\"elementor-form\" method=\"post\" name=\"New Form\" aria-label=\"New Form\" action=\"\">\n\t\t\t<input type=\"hidden\" name=\"post_id\" value=\"1712\"\/>\n\t\t\t<input type=\"hidden\" name=\"form_id\" value=\"616d14c\"\/>\n\t\t\t<input type=\"hidden\" name=\"referer_title\" value=\"Kontakt - CTU Space Research\" \/>\n\n\t\t\t\t\t\t\t<input type=\"hidden\" name=\"queried_id\" value=\"1712\"\/>\n\t\t\t\n\t\t\t<div class=\"elementor-form-fields-wrapper elementor-labels-above\">\n\t\t\t\t\t\t\t\t<div class=\"elementor-field-type-text elementor-field-group elementor-column elementor-field-group-name elementor-col-50 elementor-field-required elementor-mark-required\">\n\t\t\t\t\t\t\t\t\t\t\t\t<label for=\"form-field-name\" class=\"elementor-field-label\">\n\t\t\t\t\t\t\t\tName\t\t\t\t\t\t\t<\/label>\n\t\t\t\t\t\t\t\t\t\t\t\t\t\t<input size=\"1\" type=\"text\" name=\"form_fields[name]\" id=\"form-field-name\" class=\"elementor-field elementor-size-sm  elementor-field-textual\" placeholder=\"Jm\u00e9no a P\u0159\u00edjmen\u00ed \" required=\"required\">\n\t\t\t\t\t\t\t\t\t\t\t<\/div>\n\t\t\t\t\t\t\t\t<div class=\"elementor-field-type-text elementor-field-group elementor-column elementor-field-group-field_b3b82f6 elementor-col-50 elementor-field-required elementor-mark-required\">\n\t\t\t\t\t\t\t\t\t\t\t\t<label for=\"form-field-field_b3b82f6\" class=\"elementor-field-label\">\n\t\t\t\t\t\t\t\tSpole\u010dnost\t\t\t\t\t\t\t<\/label>\n\t\t\t\t\t\t\t\t\t\t\t\t\t\t<input size=\"1\" type=\"text\" name=\"form_fields[field_b3b82f6]\" id=\"form-field-field_b3b82f6\" class=\"elementor-field elementor-size-sm  elementor-field-textual\" placeholder=\"N\u00e1zev spole\u010dnosti \" required=\"required\">\n\t\t\t\t\t\t\t\t\t\t\t<\/div>\n\t\t\t\t\t\t\t\t<div class=\"elementor-field-type-email elementor-field-group elementor-column elementor-field-group-email elementor-col-100 elementor-field-required elementor-mark-required\">\n\t\t\t\t\t\t\t\t\t\t\t\t<label for=\"form-field-email\" class=\"elementor-field-label\">\n\t\t\t\t\t\t\t\tEmail\t\t\t\t\t\t\t<\/label>\n\t\t\t\t\t\t\t\t\t\t\t\t\t\t<input size=\"1\" type=\"email\" name=\"form_fields[email]\" id=\"form-field-email\" class=\"elementor-field elementor-size-sm  elementor-field-textual\" placeholder=\"Email\" required=\"required\">\n\t\t\t\t\t\t\t\t\t\t\t<\/div>\n\t\t\t\t\t\t\t\t<div class=\"elementor-field-type-textarea elementor-field-group elementor-column elementor-field-group-message elementor-col-100\">\n\t\t\t\t\t\t\t\t\t\t\t\t<label for=\"form-field-message\" class=\"elementor-field-label\">\n\t\t\t\t\t\t\t\tDotaz\t\t\t\t\t\t\t<\/label>\n\t\t\t\t\t\t<textarea class=\"elementor-field-textual elementor-field  elementor-size-sm\" name=\"form_fields[message]\" id=\"form-field-message\" rows=\"3\" placeholder=\"M\u016f\u017eete se n\u00e1s zeptat na cokoliv.\"><\/textarea>\t\t\t\t<\/div>\n\t\t\t\t\t\t\t\t<div class=\"elementor-field-type-recaptcha_v3 elementor-field-group elementor-column elementor-field-group-field_3a0e4a3 elementor-col-100 recaptcha_v3-bottomright\">\n\t\t\t\t\t<div class=\"elementor-field\" id=\"form-field-field_3a0e4a3\"><div class=\"elementor-g-recaptcha\" data-sitekey=\"6Lf9MnwrAAAAABUo3QTUbygL5ZMkfpDWiXJwWhgA\" data-type=\"v3\" data-action=\"Form\" data-badge=\"bottomright\" data-size=\"invisible\"><\/div><\/div>\t\t\t\t<\/div>\n\t\t\t\t\t\t\t\t<div class=\"elementor-field-group elementor-column elementor-field-type-submit elementor-col-100 e-form__buttons\">\n\t\t\t\t\t<button class=\"elementor-button elementor-size-md\" type=\"submit\">\n\t\t\t\t\t\t<span class=\"elementor-button-content-wrapper\">\n\t\t\t\t\t\t\t\t\t\t\t\t\t\t\t<span class=\"elementor-button-icon\">\n\t\t\t\t\t\t\t\t\t<svg aria-hidden=\"true\" class=\"e-font-icon-svg e-fas-rocket\" viewbox=\"0 0 512 512\" xmlns=\"http:\/\/www.w3.org\/2000\/svg\"><path d=\"M505.12019,19.09375c-1.18945-5.53125-6.65819-11-12.207-12.1875C460.716,0,435.507,0,410.40747,0,307.17523,0,245.26909,55.20312,199.05238,128H94.83772c-16.34763.01562-35.55658,11.875-42.88664,26.48438L2.51562,253.29688A28.4,28.4,0,0,0,0,264a24.00867,24.00867,0,0,0,24.00582,24H127.81618l-22.47457,22.46875c-11.36521,11.36133-12.99607,32.25781,0,45.25L156.24582,406.625c11.15623,11.1875,32.15619,13.15625,45.27726,0l22.47457-22.46875V488a24.00867,24.00867,0,0,0,24.00581,24,28.55934,28.55934,0,0,0,10.707-2.51562l98.72834-49.39063c14.62888-7.29687,26.50776-26.5,26.50776-42.85937V312.79688c72.59753-46.3125,128.03493-108.40626,128.03493-211.09376C512.07526,76.5,512.07526,51.29688,505.12019,19.09375ZM384.04033,168A40,40,0,1,1,424.05,128,40.02322,40.02322,0,0,1,384.04033,168Z\"><\/path><\/svg>\t\t\t\t\t\t\t\t\t\t\t\t\t\t\t\t\t<\/span>\n\t\t\t\t\t\t\t\t\t\t\t\t\t\t\t\t\t\t\t\t\t\t<span class=\"elementor-button-text\">Together to the stars<\/span>\n\t\t\t\t\t\t\t\t\t\t\t\t\t<\/span>\n\t\t\t\t\t<\/button>\n\t\t\t\t<\/div>\n\t\t\t<\/div>\n\t\t<input type=\"hidden\" name=\"trp-form-language\" value=\"en\"\/><\/form>\n\t\t\t\t\t\t<\/div>\n\t\t\t\t<\/div>\n\t\t\t\t\t<\/div>\n\t\t<\/div>\n\t\t\t\t\t<\/div>\n\t\t<\/section>\n\t\t\t\t<\/div>","protected":false},"excerpt":{"rendered":"<p>KONTAKT Ond\u0159ej WinklerTeam Leadlead@spaceresearch.cvut.cz Michal Mart\u00ednekTeam Secretary&nbsp;secretary@spaceresearch.cvut.cz Spolupr\u00e1ce, m\u00e9dia a PR: pr@spaceresearch.cvut.cz prof. Ing. Michael Val\u00e1\u0161ek, DrSc. Faculty Coordinatormichael.valasek@fs.cvut.cz Adresa: CTU Space Research\u010cesk\u00e9 vysok\u00e9 u\u010den\u00ed technick\u00e9 v PrazeFakulta strojn\u00edTechnick\u00e1 4160 00&nbsp; Praha 6\u010cesk\u00e1 republika Faktura\u010dn\u00ed \u00fadaje: \u010cesk\u00e9 vysok\u00e9 u\u010den\u00ed technick\u00e9 v Praze, Fakulta strojn\u00edTechnick\u00e1 4160 00&nbsp; Praha 6I\u010cO: 68407700DI\u010c: CZ68407700<\/p>","protected":false},"author":3,"featured_media":0,"parent":0,"menu_order":0,"comment_status":"closed","ping_status":"closed","template":"elementor_header_footer","meta":{"footnotes":""},"class_list":["post-1712","page","type-page","status-publish","hentry"],"yoast_head":"<!-- This site is optimized with the Yoast SEO plugin v25.5 - https:\/\/yoast.com\/wordpress\/plugins\/seo\/ -->\n<title>Kontakt - CTU Space Research<\/title>\n<meta name=\"description\" content=\"R\u00e1di v\u00e1m odpov\u00edme na va\u0161e dotazy ohledn\u011b na\u0161\u00ed spole\u010dn\u00e9 cesty ke hv\u011bzd\u00e1m. Sta\u010d\u00ed n\u00e1m napsat na info@spaceresearch.cvut.cz\" \/>\n<meta name=\"robots\" content=\"index, follow, max-snippet:-1, max-image-preview:large, max-video-preview:-1\" \/>\n<link rel=\"canonical\" href=\"https:\/\/spaceresearch.cvut.cz\/en\/kontakt\/\" \/>\n<meta property=\"og:locale\" content=\"en_GB\" \/>\n<meta property=\"og:type\" content=\"article\" \/>\n<meta property=\"og:title\" content=\"Kontakt - CTU Space Research\" \/>\n<meta property=\"og:description\" content=\"R\u00e1di v\u00e1m odpov\u00edme na va\u0161e dotazy ohledn\u011b na\u0161\u00ed spole\u010dn\u00e9 cesty ke hv\u011bzd\u00e1m. Sta\u010d\u00ed n\u00e1m napsat na info@spaceresearch.cvut.cz\" \/>\n<meta property=\"og:url\" content=\"https:\/\/spaceresearch.cvut.cz\/en\/kontakt\/\" \/>\n<meta property=\"og:site_name\" content=\"CTU Space Research\" \/>\n<meta property=\"article:publisher\" content=\"https:\/\/www.facebook.com\/CTUSpaceResearch\/\" \/>\n<meta property=\"article:modified_time\" content=\"2026-01-26T14:35:34+00:00\" \/>\n<meta name=\"twitter:card\" content=\"summary_large_image\" \/>\n<meta name=\"twitter:label1\" content=\"Estimated reading time\" \/>\n\t<meta name=\"twitter:data1\" content=\"1 minute\" \/>\n<script type=\"application\/ld+json\" class=\"yoast-schema-graph\">{\"@context\":\"https:\/\/schema.org\",\"@graph\":[{\"@type\":\"WebPage\",\"@id\":\"https:\/\/spaceresearch.cvut.cz\/kontakt\/\",\"url\":\"https:\/\/spaceresearch.cvut.cz\/kontakt\/\",\"name\":\"Kontakt - CTU Space Research\",\"isPartOf\":{\"@id\":\"https:\/\/spaceresearch.cvut.cz\/#website\"},\"datePublished\":\"2023-04-02T23:39:59+00:00\",\"dateModified\":\"2026-01-26T14:35:34+00:00\",\"description\":\"R\u00e1di v\u00e1m odpov\u00edme na va\u0161e dotazy ohledn\u011b na\u0161\u00ed spole\u010dn\u00e9 cesty ke hv\u011bzd\u00e1m. Sta\u010d\u00ed n\u00e1m napsat na info@spaceresearch.cvut.cz\",\"breadcrumb\":{\"@id\":\"https:\/\/spaceresearch.cvut.cz\/kontakt\/#breadcrumb\"},\"inLanguage\":\"en-GB\",\"potentialAction\":[{\"@type\":\"ReadAction\",\"target\":[\"https:\/\/spaceresearch.cvut.cz\/kontakt\/\"]}]},{\"@type\":\"BreadcrumbList\",\"@id\":\"https:\/\/spaceresearch.cvut.cz\/kontakt\/#breadcrumb\",\"itemListElement\":[{\"@type\":\"ListItem\",\"position\":1,\"name\":\"Home\",\"item\":\"https:\/\/spaceresearch.cvut.cz\/\"},{\"@type\":\"ListItem\",\"position\":2,\"name\":\"Kontakt\"}]},{\"@type\":\"WebSite\",\"@id\":\"https:\/\/spaceresearch.cvut.cz\/#website\",\"url\":\"https:\/\/spaceresearch.cvut.cz\/\",\"name\":\"CTU Space Research\",\"description\":\"Student space team at CTU in Prague\",\"publisher\":{\"@id\":\"https:\/\/spaceresearch.cvut.cz\/#organization\"},\"alternateName\":\"CTU SR\",\"potentialAction\":[{\"@type\":\"SearchAction\",\"target\":{\"@type\":\"EntryPoint\",\"urlTemplate\":\"https:\/\/spaceresearch.cvut.cz\/?s={search_term_string}\"},\"query-input\":{\"@type\":\"PropertyValueSpecification\",\"valueRequired\":true,\"valueName\":\"search_term_string\"}}],\"inLanguage\":\"en-GB\"},{\"@type\":\"Organization\",\"@id\":\"https:\/\/spaceresearch.cvut.cz\/#organization\",\"name\":\"CTU Space Research\",\"alternateName\":\"CTU SR\",\"url\":\"https:\/\/spaceresearch.cvut.cz\/\",\"logo\":{\"@type\":\"ImageObject\",\"inLanguage\":\"en-GB\",\"@id\":\"https:\/\/spaceresearch.cvut.cz\/#\/schema\/logo\/image\/\",\"url\":\"https:\/\/spaceresearch.cvut.cz\/wp-content\/uploads\/2023\/04\/dark_full.png\",\"contentUrl\":\"https:\/\/spaceresearch.cvut.cz\/wp-content\/uploads\/2023\/04\/dark_full.png\",\"width\":1615,\"height\":585,\"caption\":\"CTU Space Research\"},\"image\":{\"@id\":\"https:\/\/spaceresearch.cvut.cz\/#\/schema\/logo\/image\/\"},\"sameAs\":[\"https:\/\/www.facebook.com\/CTUSpaceResearch\/\",\"https:\/\/instagram.com\/ctuspaceresearch\",\"https:\/\/www.linkedin.com\/company\/ctuspaceresearch\",\"https:\/\/www.youtube.com\/channel\/UCHw5cFTaVC33cu_EVH0bBRg\"]}]}<\/script>\n<!-- \/ Yoast SEO plugin. -->","yoast_head_json":{"title":"Kontakt - CTU Space Research","description":"R\u00e1di v\u00e1m odpov\u00edme na va\u0161e dotazy ohledn\u011b na\u0161\u00ed spole\u010dn\u00e9 cesty ke hv\u011bzd\u00e1m. Sta\u010d\u00ed n\u00e1m napsat na info@spaceresearch.cvut.cz","robots":{"index":"index","follow":"follow","max-snippet":"max-snippet:-1","max-image-preview":"max-image-preview:large","max-video-preview":"max-video-preview:-1"},"canonical":"https:\/\/spaceresearch.cvut.cz\/en\/kontakt\/","og_locale":"en_GB","og_type":"article","og_title":"Kontakt - CTU Space Research","og_description":"R\u00e1di v\u00e1m odpov\u00edme na va\u0161e dotazy ohledn\u011b na\u0161\u00ed spole\u010dn\u00e9 cesty ke hv\u011bzd\u00e1m. Sta\u010d\u00ed n\u00e1m napsat na info@spaceresearch.cvut.cz","og_url":"https:\/\/spaceresearch.cvut.cz\/en\/kontakt\/","og_site_name":"CTU Space Research","article_publisher":"https:\/\/www.facebook.com\/CTUSpaceResearch\/","article_modified_time":"2026-01-26T14:35:34+00:00","twitter_card":"summary_large_image","twitter_misc":{"Estimated reading time":"1 minute"},"schema":{"@context":"https:\/\/schema.org","@graph":[{"@type":"WebPage","@id":"https:\/\/spaceresearch.cvut.cz\/kontakt\/","url":"https:\/\/spaceresearch.cvut.cz\/kontakt\/","name":"Kontakt - CTU Space Research","isPartOf":{"@id":"https:\/\/spaceresearch.cvut.cz\/#website"},"datePublished":"2023-04-02T23:39:59+00:00","dateModified":"2026-01-26T14:35:34+00:00","description":"R\u00e1di v\u00e1m odpov\u00edme na va\u0161e dotazy ohledn\u011b na\u0161\u00ed spole\u010dn\u00e9 cesty ke hv\u011bzd\u00e1m. Sta\u010d\u00ed n\u00e1m napsat na info@spaceresearch.cvut.cz","breadcrumb":{"@id":"https:\/\/spaceresearch.cvut.cz\/kontakt\/#breadcrumb"},"inLanguage":"en-GB","potentialAction":[{"@type":"ReadAction","target":["https:\/\/spaceresearch.cvut.cz\/kontakt\/"]}]},{"@type":"BreadcrumbList","@id":"https:\/\/spaceresearch.cvut.cz\/kontakt\/#breadcrumb","itemListElement":[{"@type":"ListItem","position":1,"name":"Home","item":"https:\/\/spaceresearch.cvut.cz\/"},{"@type":"ListItem","position":2,"name":"Kontakt"}]},{"@type":"WebSite","@id":"https:\/\/spaceresearch.cvut.cz\/#website","url":"https:\/\/spaceresearch.cvut.cz\/","name":"CTU Space Research","description":"Student space team at CTU in Prague","publisher":{"@id":"https:\/\/spaceresearch.cvut.cz\/#organization"},"alternateName":"CTU SR","potentialAction":[{"@type":"SearchAction","target":{"@type":"EntryPoint","urlTemplate":"https:\/\/spaceresearch.cvut.cz\/?s={search_term_string}"},"query-input":{"@type":"PropertyValueSpecification","valueRequired":true,"valueName":"search_term_string"}}],"inLanguage":"en-GB"},{"@type":"Organization","@id":"https:\/\/spaceresearch.cvut.cz\/#organization","name":"CTU Space Research","alternateName":"CTU SR","url":"https:\/\/spaceresearch.cvut.cz\/","logo":{"@type":"ImageObject","inLanguage":"en-GB","@id":"https:\/\/spaceresearch.cvut.cz\/#\/schema\/logo\/image\/","url":"https:\/\/spaceresearch.cvut.cz\/wp-content\/uploads\/2023\/04\/dark_full.png","contentUrl":"https:\/\/spaceresearch.cvut.cz\/wp-content\/uploads\/2023\/04\/dark_full.png","width":1615,"height":585,"caption":"CTU Space Research"},"image":{"@id":"https:\/\/spaceresearch.cvut.cz\/#\/schema\/logo\/image\/"},"sameAs":["https:\/\/www.facebook.com\/CTUSpaceResearch\/","https:\/\/instagram.com\/ctuspaceresearch","https:\/\/www.linkedin.com\/company\/ctuspaceresearch","https:\/\/www.youtube.com\/channel\/UCHw5cFTaVC33cu_EVH0bBRg"]}]}},"_links":{"self":[{"href":"https:\/\/spaceresearch.cvut.cz\/en\/wp-json\/wp\/v2\/pages\/1712","targetHints":{"allow":["GET"]}}],"collection":[{"href":"https:\/\/spaceresearch.cvut.cz\/en\/wp-json\/wp\/v2\/pages"}],"about":[{"href":"https:\/\/spaceresearch.cvut.cz\/en\/wp-json\/wp\/v2\/types\/page"}],"author":[{"embeddable":true,"href":"https:\/\/spaceresearch.cvut.cz\/en\/wp-json\/wp\/v2\/users\/3"}],"replies":[{"embeddable":true,"href":"https:\/\/spaceresearch.cvut.cz\/en\/wp-json\/wp\/v2\/comments?post=1712"}],"version-history":[{"count":0,"href":"https:\/\/spaceresearch.cvut.cz\/en\/wp-json\/wp\/v2\/pages\/1712\/revisions"}],"wp:attachment":[{"href":"https:\/\/spaceresearch.cvut.cz\/en\/wp-json\/wp\/v2\/media?parent=1712"}],"curies":[{"name":"wp","href":"https:\/\/api.w.org\/{rel}","templated":true}]}}